{"id":1764,"date":"2019-06-12T11:55:05","date_gmt":"2019-06-12T11:55:05","guid":{"rendered":"https:\/\/identalcentelles.com\/?page_id=1764"},"modified":"2022-08-30T13:41:31","modified_gmt":"2022-08-30T13:41:31","slug":"sobre-nosaltres","status":"publish","type":"page","link":"https:\/\/identalcentelles.com\/index.php\/sobre-nosaltres\/?lang=es","title":{"rendered":"SOBRE NOSALTRES"},"content":{"rendered":"<div class=\"wpb-content-wrapper\"><p>[vc_section content_layout=&#8221;full&#8221; animation_delay=&#8221;&#8221; disable=&#8221;&#8221; id=&#8221;&#8221; class=&#8221;p-b-0&#8243; bg_type=&#8221;image&#8221; bg_image=&#8221;&#8221; color_overlay=&#8221;&#8221; enable_parallax=&#8221;&#8221; enable_pattern=&#8221;&#8221;][vc_row content_layout=&#8221;boxed&#8221; equal_height=&#8221;&#8221; animation_delay=&#8221;&#8221; disable=&#8221;&#8221; id=&#8221;&#8221; class=&#8221;&#8221; bg_type=&#8221;image&#8221; bg_image=&#8221;&#8221; color_overlay=&#8221;&#8221; enable_parallax=&#8221;&#8221; enable_pattern=&#8221;&#8221;][vc_column layout=&#8221;normal&#8221; vertical_align=&#8221;top&#8221; animation_delay=&#8221;&#8221;]\t\t<header class=\"vu_heading vu_h-style-1 vu_h-alignment-left vu_custom_1299633\">\n\t\t\t\t\t\t\t<style scoped>\n\t\t\t\t\t\t\t\t\t\t\t.vu_heading.vu_custom_1299633 .vu_h-heading { color: #2eb0cf}\n\t\t\t\t\t\n\t\t\t\t\t\n\t\t\t\t\t\t\t\t\t<\/style>\n\t\t\t\n\t\t\t\t\t\t\t<h2 class=\"vu_h-heading\">Sobre Nosotros<\/h2>\n\t\t\t\n\t\t\t\t\t\t\t<div class=\"vu_h-subheading\">\n\t\t\t\t\t<p>Bienvenidos a nuestra cl\u00ednica dental<\/p>\n\t\t\t\t<\/div>\n\t\t\t\t\t<\/header>\n\t[\/vc_column][\/vc_row][vc_row content_layout=&#8221;boxed&#8221; equal_height=&#8221;true&#8221; animation_delay=&#8221;&#8221; disable=&#8221;&#8221; id=&#8221;&#8221; class=&#8221;&#8221; bg_type=&#8221;image&#8221; bg_image=&#8221;&#8221; color_overlay=&#8221;&#8221; enable_parallax=&#8221;&#8221; enable_pattern=&#8221;&#8221;][vc_column layout=&#8221;normal&#8221; vertical_align=&#8221;top&#8221; animation_delay=&#8221;&#8221; width=&#8221;1\/2&#8243;][vc_column_text el_class=&#8221;m-b-30&#8243;]En Institut Dental Centelles queremos ayudarte a mejorar tu sonrisa poniendo a tu disposici\u00f3n un grupo de profesionales altamente cualificados y con una larga experiencia en el sector, ofrecerte la mejor garant\u00eda m\u00e9dica. Contamos con el equipamiento y la tecnolog\u00eda m\u00e1s avanzada para la mejor diagn\u00f3stico y tratamiento.[\/vc_column_text][vc_column_text el_class=&#8221;m-b-30&#8243;]En Institut Dental Centelles encontrar\u00e1 un equipo de odont\u00f3logos profesionales que trabaja d\u00eda a d\u00eda para conseguir el m\u00e1ximo bienestar de nuestros pacientes.[\/vc_column_text][vc_column_text el_class=&#8221;m-b-30&#8243;]En Institut Dental Centelles sabemos lo importante que son la salud y la est\u00e9tica bucodentales y c\u00f3mo podemos llegar a condicionar nuestra calidad de vida.[\/vc_column_text][vc_column_text el_class=&#8221;m-b-30&#8243;]Nuestro objetivo es ofrecer a nuestros pacientes los mejores tratamientos con la m\u00e1xima calidad.[\/vc_column_text][vc_column_text el_class=&#8221;m-b-30&#8243;]<\/p>\n<ul>\n<li class=\"li1\">Todas las especialidades en odontolog\u00eda<\/li>\n<li class=\"li1\">Especialistas con amplia experiencia<\/li>\n<li class=\"li1\">Tratamientos con la mejor calidad y calidad<\/li>\n<li class=\"li1\">Profesionalidad<\/li>\n<\/ul>\n<p>[\/vc_column_text][\/vc_column][vc_column layout=&#8221;normal&#8221; vertical_align=&#8221;bottom&#8221; animation_delay=&#8221;&#8221; width=&#8221;1\/2&#8243;][vc_single_image image=&#8221;2173&#8243; img_size=&#8221;large&#8221; css=&#8221;.vc_custom_1661866888746{margin-top: 0px !important;}&#8221;][\/vc_column][\/vc_row][\/vc_section][vc_section content_layout=&#8221;full&#8221; animation_delay=&#8221;&#8221; disable=&#8221;&#8221; id=&#8221;&#8221; class=&#8221;p-b-0&#8243; bg_type=&#8221;image&#8221; bg_image=&#8221;&#8221; color_overlay=&#8221;&#8221; enable_parallax=&#8221;&#8221; enable_pattern=&#8221;&#8221;][vc_row content_layout=&#8221;boxed&#8221; equal_height=&#8221;true&#8221; animation_delay=&#8221;&#8221; disable=&#8221;&#8221; id=&#8221;&#8221; class=&#8221;&#8221; bg_type=&#8221;image&#8221; bg_image=&#8221;&#8221; color_overlay=&#8221;&#8221; enable_parallax=&#8221;&#8221; enable_pattern=&#8221;&#8221;][vc_column layout=&#8221;normal&#8221; vertical_align=&#8221;top&#8221; animation_delay=&#8221;&#8221;][vc_column_text el_class=&#8221;m-b-30&#8243;]<\/p>\n<h1 class=\"p1\"><span style=\"color: #2eb0cf;\"><span class=\"s1\">Nuestro \u00e9xito se basa en la atenci\u00f3n, cercan\u00eda y calidez con cada paciente, ofreci\u00e9ndole siempre los \u00faltimos avances en la tecnolog\u00eda bucodental.<\/span><\/span><\/h1>\n<p>[\/vc_column_text][\/vc_column][\/vc_row][\/vc_section][vc_section content_layout=&#8221;full&#8221; animation_delay=&#8221;&#8221; disable=&#8221;true&#8221; id=&#8221;&#8221; class=&#8221;p-b-0&#8243; bg_type=&#8221;image&#8221; bg_image=&#8221;&#8221; color_overlay=&#8221;&#8221; enable_parallax=&#8221;&#8221; enable_pattern=&#8221;&#8221;][vc_row content_layout=&#8221;boxed&#8221; equal_height=&#8221;&#8221; animation_delay=&#8221;&#8221; disable=&#8221;&#8221; id=&#8221;&#8221; class=&#8221;&#8221; bg_type=&#8221;image&#8221; bg_image=&#8221;&#8221; color_overlay=&#8221;&#8221; enable_parallax=&#8221;&#8221; enable_pattern=&#8221;&#8221;][vc_column layout=&#8221;normal&#8221; vertical_align=&#8221;top&#8221; animation_delay=&#8221;&#8221;]\t\t<header class=\"vu_heading vu_h-style-1 vu_h-alignment-left\">\n\t\t\t\n\t\t\t\n\t\t\t\t\t\t\t<div class=\"vu_h-subheading\">\n\t\t\t\t\t<p>Nuestros especialistas<\/p>\n\t\t\t\t<\/div>\n\t\t\t\t\t<\/header>\n\t[vc_column_text el_class=&#8221;m-b-30&#8243;]Somos un equipo que est\u00e1 constantemente form\u00e1ndose para que tu salud bucal est\u00e9 en las mejores manos. Nuestro trato es personalizado ya que ante todo somos una cl\u00ednica familiar.[\/vc_column_text][\/vc_column][\/vc_row][\/vc_section][vc_section content_layout=&#8221;full&#8221; animation_delay=&#8221;&#8221; disable=&#8221;true&#8221; id=&#8221;&#8221; class=&#8221;p-b-0&#8243; bg_type=&#8221;image&#8221; bg_image=&#8221;&#8221; color_overlay=&#8221;&#8221; enable_parallax=&#8221;&#8221; enable_pattern=&#8221;&#8221;][vc_row content_layout=&#8221;boxed&#8221; equal_height=&#8221;&#8221; animation_delay=&#8221;&#8221; disable=&#8221;&#8221; id=&#8221;&#8221; class=&#8221;&#8221; bg_type=&#8221;image&#8221; bg_image=&#8221;&#8221; color_overlay=&#8221;&#8221; enable_parallax=&#8221;&#8221; enable_pattern=&#8221;&#8221;][vc_column layout=&#8221;normal&#8221; vertical_align=&#8221;top&#8221; animation_delay=&#8221;&#8221; width=&#8221;1\/6&#8243;]\t\t<div class=\"vu_team-member vu_tm-style-2\" itemscope=\"itemscope\" itemtype=\"https:\/\/schema.org\/Person\">\n\t\t\t<div class=\"vu_tm-container\">\n\t\t\t\t\t\t\t\t\t<div class=\"vu_tm-image\">\n\t\t\t\t\t\t<img loading=\"lazy\" decoding=\"async\" width=\"600\" height=\"600\" src=\"https:\/\/identalcentelles.com\/wp-content\/uploads\/2018\/10\/equipe_banos.jpg\" class=\"attachment-dentalpress_ratio-1:1 size-dentalpress_ratio-1:1\" alt=\"\" itemprop=\"image\" srcset=\"https:\/\/identalcentelles.com\/wp-content\/uploads\/2018\/10\/equipe_banos.jpg 600w, https:\/\/identalcentelles.com\/wp-content\/uploads\/2018\/10\/equipe_banos-150x150.jpg 150w, https:\/\/identalcentelles.com\/wp-content\/uploads\/2018\/10\/equipe_banos-300x300.jpg 300w, https:\/\/identalcentelles.com\/wp-content\/uploads\/2018\/10\/equipe_banos-100x100.jpg 100w\" sizes=\"(max-width: 600px) 100vw, 600px\" \/>\n\t\t\t\t\t\t\t\t\t\t\t<\/div>\n\t\t\t\t\n\t\t\t\t<div class=\"vu_tm-info\">\n\t\t\t\t\t<h4 class=\"vu_tm-name\">Dra. Beatriz Ba\u00f1os<\/h4>\t\t\t\t\t\n\t\t\t\t\t\t\t\t\t\t\t<span class=\"vu_tm-position\" itemprop=\"jobTitle\">COEC 1358<\/span>\n\t\t\t\t\t\t\t\t\t<\/div>\n\t\t\t<\/div>\n\t\t\t\n\t\t\t\t\t<\/div>\n\t[\/vc_column][vc_column layout=&#8221;normal&#8221; vertical_align=&#8221;top&#8221; animation_delay=&#8221;&#8221; width=&#8221;1\/6&#8243;]\t\t<div class=\"vu_team-member vu_tm-style-2\" itemscope=\"itemscope\" itemtype=\"https:\/\/schema.org\/Person\">\n\t\t\t<div class=\"vu_tm-container\">\n\t\t\t\t\t\t\t\t\t<div class=\"vu_tm-image\">\n\t\t\t\t\t\t<img loading=\"lazy\" decoding=\"async\" width=\"600\" height=\"600\" src=\"https:\/\/identalcentelles.com\/wp-content\/uploads\/2018\/10\/equipe_Paula_Hauteville.jpg\" class=\"attachment-dentalpress_ratio-1:1 size-dentalpress_ratio-1:1\" alt=\"\" itemprop=\"image\" srcset=\"https:\/\/identalcentelles.com\/wp-content\/uploads\/2018\/10\/equipe_Paula_Hauteville.jpg 600w, https:\/\/identalcentelles.com\/wp-content\/uploads\/2018\/10\/equipe_Paula_Hauteville-150x150.jpg 150w, https:\/\/identalcentelles.com\/wp-content\/uploads\/2018\/10\/equipe_Paula_Hauteville-300x300.jpg 300w, https:\/\/identalcentelles.com\/wp-content\/uploads\/2018\/10\/equipe_Paula_Hauteville-100x100.jpg 100w\" sizes=\"(max-width: 600px) 100vw, 600px\" \/>\n\t\t\t\t\t\t\t\t\t\t\t<\/div>\n\t\t\t\t\n\t\t\t\t<div class=\"vu_tm-info\">\n\t\t\t\t\t<h4 class=\"vu_tm-name\">Dra. Paula Hauteville<\/h4>\t\t\t\t\t\n\t\t\t\t\t\t\t\t\t\t\t<span class=\"vu_tm-position\" itemprop=\"jobTitle\">COEC 7818<\/span>\n\t\t\t\t\t\t\t\t\t<\/div>\n\t\t\t<\/div>\n\t\t\t\n\t\t\t\t\t<\/div>\n\t[\/vc_column][vc_column layout=&#8221;normal&#8221; vertical_align=&#8221;top&#8221; animation_delay=&#8221;&#8221; width=&#8221;1\/6&#8243;]\t\t<div class=\"vu_team-member vu_tm-style-2\" itemscope=\"itemscope\" itemtype=\"https:\/\/schema.org\/Person\">\n\t\t\t<div class=\"vu_tm-container\">\n\t\t\t\t\t\t\t\t\t<div class=\"vu_tm-image\">\n\t\t\t\t\t\t<img loading=\"lazy\" decoding=\"async\" width=\"600\" height=\"600\" src=\"https:\/\/identalcentelles.com\/wp-content\/uploads\/2018\/10\/equipe_Marta_Fernandez.jpg\" class=\"attachment-dentalpress_ratio-1:1 size-dentalpress_ratio-1:1\" alt=\"\" itemprop=\"image\" srcset=\"https:\/\/identalcentelles.com\/wp-content\/uploads\/2018\/10\/equipe_Marta_Fernandez.jpg 600w, https:\/\/identalcentelles.com\/wp-content\/uploads\/2018\/10\/equipe_Marta_Fernandez-150x150.jpg 150w, https:\/\/identalcentelles.com\/wp-content\/uploads\/2018\/10\/equipe_Marta_Fernandez-300x300.jpg 300w, https:\/\/identalcentelles.com\/wp-content\/uploads\/2018\/10\/equipe_Marta_Fernandez-100x100.jpg 100w\" sizes=\"(max-width: 600px) 100vw, 600px\" \/>\n\t\t\t\t\t\t\t\t\t\t\t<\/div>\n\t\t\t\t\n\t\t\t\t<div class=\"vu_tm-info\">\n\t\t\t\t\t<h4 class=\"vu_tm-name\">Dra. Marta Fern\u00e1ndez<\/h4>\t\t\t\t\t\n\t\t\t\t\t\t\t\t\t\t\t<span class=\"vu_tm-position\" itemprop=\"jobTitle\">Col. Arag\u00f3n 5000 1178<\/span>\n\t\t\t\t\t\t\t\t\t<\/div>\n\t\t\t<\/div>\n\t\t\t\n\t\t\t\t\t<\/div>\n\t[\/vc_column][vc_column layout=&#8221;normal&#8221; vertical_align=&#8221;top&#8221; animation_delay=&#8221;&#8221; width=&#8221;1\/6&#8243;]\t\t<div class=\"vu_team-member vu_tm-style-2\" itemscope=\"itemscope\" itemtype=\"https:\/\/schema.org\/Person\">\n\t\t\t<div class=\"vu_tm-container\">\n\t\t\t\t\t\t\t\t\t<div class=\"vu_tm-image\">\n\t\t\t\t\t\t<img loading=\"lazy\" decoding=\"async\" width=\"600\" height=\"600\" src=\"https:\/\/identalcentelles.com\/wp-content\/uploads\/2018\/10\/equipe_natalia.jpg\" class=\"attachment-dentalpress_ratio-1:1 size-dentalpress_ratio-1:1\" alt=\"\" itemprop=\"image\" srcset=\"https:\/\/identalcentelles.com\/wp-content\/uploads\/2018\/10\/equipe_natalia.jpg 600w, https:\/\/identalcentelles.com\/wp-content\/uploads\/2018\/10\/equipe_natalia-150x150.jpg 150w, https:\/\/identalcentelles.com\/wp-content\/uploads\/2018\/10\/equipe_natalia-300x300.jpg 300w, https:\/\/identalcentelles.com\/wp-content\/uploads\/2018\/10\/equipe_natalia-100x100.jpg 100w\" sizes=\"(max-width: 600px) 100vw, 600px\" \/>\n\t\t\t\t\t\t\t\t\t\t\t<\/div>\n\t\t\t\t\n\t\t\t\t<div class=\"vu_tm-info\">\n\t\t\t\t\t<h4 class=\"vu_tm-name\">Dra. Nathalie Prieto<\/h4>\t\t\t\t\t\n\t\t\t\t\t\t\t\t\t\t\t<span class=\"vu_tm-position\" itemprop=\"jobTitle\">Col. Almer\u00eda 00-04|2096<\/span>\n\t\t\t\t\t\t\t\t\t<\/div>\n\t\t\t<\/div>\n\t\t\t\n\t\t\t\t\t<\/div>\n\t[\/vc_column][vc_column layout=&#8221;normal&#8221; vertical_align=&#8221;top&#8221; animation_delay=&#8221;&#8221; width=&#8221;1\/6&#8243;]\t\t<div class=\"vu_team-member vu_tm-style-2\" itemscope=\"itemscope\" itemtype=\"https:\/\/schema.org\/Person\">\n\t\t\t<div class=\"vu_tm-container\">\n\t\t\t\t\t\t\t\t\t<div class=\"vu_tm-image\">\n\t\t\t\t\t\t<img loading=\"lazy\" decoding=\"async\" width=\"600\" height=\"600\" src=\"https:\/\/identalcentelles.com\/wp-content\/uploads\/2019\/06\/DR_DAVID_EQUIPO.jpg\" class=\"attachment-dentalpress_ratio-1:1 size-dentalpress_ratio-1:1\" alt=\"\" itemprop=\"image\" srcset=\"https:\/\/identalcentelles.com\/wp-content\/uploads\/2019\/06\/DR_DAVID_EQUIPO.jpg 600w, https:\/\/identalcentelles.com\/wp-content\/uploads\/2019\/06\/DR_DAVID_EQUIPO-150x150.jpg 150w, https:\/\/identalcentelles.com\/wp-content\/uploads\/2019\/06\/DR_DAVID_EQUIPO-300x300.jpg 300w\" sizes=\"(max-width: 600px) 100vw, 600px\" \/>\n\t\t\t\t\t\t\t\t\t\t\t<\/div>\n\t\t\t\t\n\t\t\t\t<div class=\"vu_tm-info\">\n\t\t\t\t\t<h4 class=\"vu_tm-name\">Dr. David Mart\u00ednez<\/h4>\t\t\t\t\t\n\t\t\t\t\t\t\t\t\t\t\t<span class=\"vu_tm-position\" itemprop=\"jobTitle\">COEC 3025<\/span>\n\t\t\t\t\t\t\t\t\t<\/div>\n\t\t\t<\/div>\n\t\t\t\n\t\t\t\t\t<\/div>\n\t[\/vc_column][vc_column layout=&#8221;normal&#8221; vertical_align=&#8221;top&#8221; animation_delay=&#8221;&#8221; width=&#8221;1\/6&#8243;]\t\t<div class=\"vu_team-member vu_tm-style-2\" itemscope=\"itemscope\" itemtype=\"https:\/\/schema.org\/Person\">\n\t\t\t<div class=\"vu_tm-container\">\n\t\t\t\t\t\t\t\t\t<div class=\"vu_tm-image\">\n\t\t\t\t\t\t<img loading=\"lazy\" decoding=\"async\" width=\"600\" height=\"600\" src=\"https:\/\/identalcentelles.com\/wp-content\/uploads\/2018\/10\/equipe_sonia-1.jpg\" class=\"attachment-dentalpress_ratio-1:1 size-dentalpress_ratio-1:1\" alt=\"\" itemprop=\"image\" srcset=\"https:\/\/identalcentelles.com\/wp-content\/uploads\/2018\/10\/equipe_sonia-1.jpg 600w, https:\/\/identalcentelles.com\/wp-content\/uploads\/2018\/10\/equipe_sonia-1-150x150.jpg 150w, https:\/\/identalcentelles.com\/wp-content\/uploads\/2018\/10\/equipe_sonia-1-300x300.jpg 300w, https:\/\/identalcentelles.com\/wp-content\/uploads\/2018\/10\/equipe_sonia-1-100x100.jpg 100w\" sizes=\"(max-width: 600px) 100vw, 600px\" \/>\n\t\t\t\t\t\t\t\t\t\t\t<\/div>\n\t\t\t\t\n\t\t\t\t<div class=\"vu_tm-info\">\n\t\t\t\t\t<h4 class=\"vu_tm-name\">Aux. S\u00f3nia Galvany<\/h4>\t\t\t\t\t\n\t\t\t\t\t\t\t\t\t<\/div>\n\t\t\t<\/div>\n\t\t\t\n\t\t\t\t\t<\/div>\n\t[\/vc_column][\/vc_row][\/vc_section][vc_section content_layout=&#8221;full&#8221; animation_delay=&#8221;&#8221; disable=&#8221;&#8221; id=&#8221;&#8221; class=&#8221;p-b-0&#8243; bg_type=&#8221;image&#8221; bg_image=&#8221;&#8221; color_overlay=&#8221;&#8221; enable_parallax=&#8221;&#8221; enable_pattern=&#8221;&#8221;][vc_row content_layout=&#8221;boxed&#8221; equal_height=&#8221;&#8221; animation_delay=&#8221;&#8221; disable=&#8221;&#8221; id=&#8221;&#8221; class=&#8221;&#8221; bg_type=&#8221;image&#8221; bg_image=&#8221;&#8221; color_overlay=&#8221;&#8221; enable_parallax=&#8221;&#8221; enable_pattern=&#8221;&#8221;][vc_column layout=&#8221;normal&#8221; vertical_align=&#8221;top&#8221; animation_delay=&#8221;&#8221; width=&#8221;1\/2&#8243;]\t\t<header class=\"vu_heading vu_h-style-1 vu_h-alignment-left m-b-20 vu_custom_4547199\">\n\t\t\t\t\t\t\t<style scoped>\n\t\t\t\t\t\t\t\t\t\t\t.vu_heading.vu_custom_4547199 .vu_h-heading { color: #2eb0cf}\n\t\t\t\t\t\n\t\t\t\t\t\n\t\t\t\t\t\t\t\t\t<\/style>\n\t\t\t\n\t\t\t\t\t\t\t<h2 class=\"vu_h-heading\">Nos importa<\/h2>\n\t\t\t\n\t\t\t\t\t\t\t<div class=\"vu_h-subheading\">\n\t\t\t\t\t<p>El buen trato al paciente, la calidad de los materiales y la profesionalidad son nuestras prioridades.<\/p>\n\t\t\t\t<\/div>\n\t\t\t\t\t<\/header>\n\t[vc_column_text el_class=&#8221;m-b-20&#8243;]Te ofrecemos buenas condiciones econ\u00f3micas y la financiaci\u00f3n para tu tratamiento.[\/vc_column_text][vc_column_text el_class=&#8221;m-b-20&#8243;]Queremos facilitar el tratamiento, por eso te ofrecemos un amplio horario de atenci\u00f3n para poder flexibilizar con horas convenidas seg\u00fan la comodidad del paciente.[\/vc_column_text][\/vc_column][vc_column layout=&#8221;normal&#8221; vertical_align=&#8221;top&#8221; animation_delay=&#8221;&#8221; width=&#8221;1\/2&#8243;][vc_single_image image=&#8221;1196&#8243; img_size=&#8221;dentalpress_ratio-16:9&#8243; el_class=&#8221;m-b-30&#8243;][\/vc_column][\/vc_row][\/vc_section]<\/p>\n<\/div>","protected":false},"excerpt":{"rendered":"<p>[vc_section content_layout=&#8221;full&#8221; animation_delay=&#8221;&#8221; disable=&#8221;&#8221; id=&#8221;&#8221; class=&#8221;p-b-0&#8243; bg_type=&#8221;image&#8221; bg_image=&#8221;&#8221; color_overlay=&#8221;&#8221; enable_parallax=&#8221;&#8221; enable_pattern=&#8221;&#8221;][vc_row content_layout=&#8221;boxed&#8221; equal_height=&#8221;&#8221; animation_delay=&#8221;&#8221; disable=&#8221;&#8221; id=&#8221;&#8221; class=&#8221;&#8221; bg_type=&#8221;image&#8221; bg_image=&#8221;&#8221; color_overlay=&#8221;&#8221; enable_parallax=&#8221;&#8221; enable_pattern=&#8221;&#8221;][vc_column layout=&#8221;normal&#8221; vertical_align=&#8221;top&#8221; animation_delay=&#8221;&#8221;][\/vc_column][\/vc_row][vc_row content_layout=&#8221;boxed&#8221; equal_height=&#8221;true&#8221; animation_delay=&#8221;&#8221; disable=&#8221;&#8221; id=&#8221;&#8221; class=&#8221;&#8221; bg_type=&#8221;image&#8221; bg_image=&#8221;&#8221; color_overlay=&#8221;&#8221; enable_parallax=&#8221;&#8221; enable_pattern=&#8221;&#8221;][vc_column layout=&#8221;normal&#8221; vertical_align=&#8221;top&#8221; animation_delay=&#8221;&#8221; width=&#8221;1\/2&#8243;][vc_column_text el_class=&#8221;m-b-30&#8243;]En Institut Dental Centelles queremos ayudarte a mejorar tu sonrisa poniendo a tu disposici\u00f3n un [&hellip;]<\/p>\n","protected":false},"author":1,"featured_media":0,"parent":0,"menu_order":16,"comment_status":"closed","ping_status":"closed","template":"","meta":{"footnotes":""},"_links":{"self":[{"href":"https:\/\/identalcentelles.com\/index.php\/wp-json\/wp\/v2\/pages\/1764"}],"collection":[{"href":"https:\/\/identalcentelles.com\/index.php\/wp-json\/wp\/v2\/pages"}],"about":[{"href":"https:\/\/identalcentelles.com\/index.php\/wp-json\/wp\/v2\/types\/page"}],"author":[{"embeddable":true,"href":"https:\/\/identalcentelles.com\/index.php\/wp-json\/wp\/v2\/users\/1"}],"replies":[{"embeddable":true,"href":"https:\/\/identalcentelles.com\/index.php\/wp-json\/wp\/v2\/comments?post=1764"}],"version-history":[{"count":11,"href":"https:\/\/identalcentelles.com\/index.php\/wp-json\/wp\/v2\/pages\/1764\/revisions"}],"predecessor-version":[{"id":2177,"href":"https:\/\/identalcentelles.com\/index.php\/wp-json\/wp\/v2\/pages\/1764\/revisions\/2177"}],"wp:attachment":[{"href":"https:\/\/identalcentelles.com\/index.php\/wp-json\/wp\/v2\/media?parent=1764"}],"curies":[{"name":"wp","href":"https:\/\/api.w.org\/{rel}","templated":true}]}}