{"id":1780,"date":"2019-06-12T15:51:57","date_gmt":"2019-06-12T15:51:57","guid":{"rendered":"https:\/\/identalcentelles.com\/?page_id=1780"},"modified":"2019-06-19T13:31:29","modified_gmt":"2019-06-19T13:31:29","slug":"odontologia-general","status":"publish","type":"page","link":"https:\/\/identalcentelles.com\/index.php\/tratamientos-y-servicios\/odontologia-general\/?lang=es","title":{"rendered":"ODONTOLOGIA GENERAL"},"content":{"rendered":"<div class=\"wpb-content-wrapper\"><p>[vc_section content_layout=&#8221;full&#8221; animation_delay=&#8221;&#8221; disable=&#8221;&#8221; id=&#8221;&#8221; class=&#8221;&#8221; bg_type=&#8221;image&#8221; bg_image=&#8221;&#8221; color_overlay=&#8221;&#8221; enable_parallax=&#8221;&#8221; enable_pattern=&#8221;&#8221;][vc_row content_layout=&#8221;boxed&#8221; equal_height=&#8221;&#8221; animation_delay=&#8221;&#8221; disable=&#8221;&#8221; id=&#8221;&#8221; class=&#8221;vu_service-image&#8221; bg_type=&#8221;image&#8221; bg_image=&#8221;&#8221; color_overlay=&#8221;&#8221; enable_parallax=&#8221;&#8221; enable_pattern=&#8221;&#8221;][vc_column layout=&#8221;normal&#8221; vertical_align=&#8221;top&#8221; animation_delay=&#8221;&#8221;][vc_single_image image=&#8221;1470&#8243; img_size=&#8221;dentalpress_ratio-2:1&#8243;][\/vc_column][\/vc_row][vc_row content_layout=&#8221;boxed&#8221; equal_height=&#8221;&#8221; animation_delay=&#8221;&#8221; disable=&#8221;&#8221; id=&#8221;&#8221; class=&#8221;&#8221; bg_type=&#8221;image&#8221; bg_image=&#8221;&#8221; color_overlay=&#8221;&#8221; enable_parallax=&#8221;&#8221; enable_pattern=&#8221;&#8221;][vc_column layout=&#8221;normal&#8221; vertical_align=&#8221;top&#8221; animation_delay=&#8221;&#8221;]\t\t<header class=\"vu_heading vu_h-style-1 vu_h-alignment-left vu_custom_6507727\">\n\t\t\t\t\t\t\t<style scoped>\n\t\t\t\t\t\n\t\t\t\t\t\n\t\t\t\t\t\t\t\t\t\t\t.vu_heading.vu_custom_6507727.vu_h-alignment-left.vu_h-style-1 {border-left-color: #bb0a24 }\n\t\t\t\t\t\t.vu_heading.vu_custom_6507727.vu_h-alignment-right.vu_h-style-1 {border-right-color: #bb0a24 }\n\t\t\t\t\t\t.vu_heading.vu_custom_6507727.vu_h-style-2 .vu_h-heading:after,.vu_heading.vu_custom_6507727.vu_h-style-3 .vu_h-heading:after,.vu_heading.vu_custom_6507727.vu_h-style-4 .vu_h-heading:before,.vu_heading.vu_custom_6507727.vu_h-style-4 .vu_h-heading:after { background-color: #bb0a24 }\n\t\t\t\t\t\t\t\t\t<\/style>\n\t\t\t\n\t\t\t\n\t\t\t\t\t\t\t<div class=\"vu_h-subheading\">\n\t\t\t\t\t<p>ODONTOLOG\u00cdA GENERAL<\/p>\n\t\t\t\t<\/div>\n\t\t\t\t\t<\/header>\n\t[vc_column_text]La odontolog\u00eda conservadora es la manera de reparar un diente da\u00f1ado siempre que la pulpa no est\u00e9 afectada y volver su funci\u00f3n y forma normal. Las restauraciones dentales se hacen por motivos como caries, traumatismos o alteraciones en el desarrollo dental.[\/vc_column_text][\/vc_column][\/vc_row][\/vc_section][vc_section content_layout=&#8221;full&#8221; animation_delay=&#8221;&#8221; disable=&#8221;&#8221; id=&#8221;&#8221; class=&#8221;&#8221; bg_type=&#8221;image&#8221; bg_image=&#8221;&#8221; color_overlay=&#8221;&#8221; enable_parallax=&#8221;&#8221; enable_pattern=&#8221;&#8221;][vc_row content_layout=&#8221;boxed&#8221; equal_height=&#8221;&#8221; animation_delay=&#8221;&#8221; disable=&#8221;&#8221; id=&#8221;&#8221; class=&#8221;&#8221; bg_type=&#8221;image&#8221; bg_image=&#8221;&#8221; color_overlay=&#8221;&#8221; enable_parallax=&#8221;&#8221; enable_pattern=&#8221;&#8221;][vc_column layout=&#8221;normal&#8221; vertical_align=&#8221;top&#8221; animation_delay=&#8221;&#8221;]\t\t<header class=\"vu_heading vu_h-style-1 vu_h-alignment-left vu_custom_1270350\">\n\t\t\t\t\t\t\t<style scoped>\n\t\t\t\t\t\n\t\t\t\t\t\n\t\t\t\t\t\t\t\t\t\t\t.vu_heading.vu_custom_1270350.vu_h-alignment-left.vu_h-style-1 {border-left-color: #bb0a24 }\n\t\t\t\t\t\t.vu_heading.vu_custom_1270350.vu_h-alignment-right.vu_h-style-1 {border-right-color: #bb0a24 }\n\t\t\t\t\t\t.vu_heading.vu_custom_1270350.vu_h-style-2 .vu_h-heading:after,.vu_heading.vu_custom_1270350.vu_h-style-3 .vu_h-heading:after,.vu_heading.vu_custom_1270350.vu_h-style-4 .vu_h-heading:before,.vu_heading.vu_custom_1270350.vu_h-style-4 .vu_h-heading:after { background-color: #bb0a24 }\n\t\t\t\t\t\t\t\t\t<\/style>\n\t\t\t\n\t\t\t\n\t\t\t\t\t\t\t<div class=\"vu_h-subheading\">\n\t\t\t\t\t<p>PREVENCI\u00d3N<\/p>\n\t\t\t\t<\/div>\n\t\t\t\t\t<\/header>\n\t[vc_column_text]El odont\u00f3logo es quien debe transmitir y reforzar la educaci\u00f3n sanitaria con respecto a la boca. Guiar en las t\u00e9cnicas de cepillado, uso del hilo dental, el refuerzo de actitudes positivas en la dieta e higiene.<\/p>\n<p>Sin embargo, es el encargado de monitorear la salud de nuestra boca y el desarrollo de la boca en los ni\u00f1os, actuando cuando sea necesario para corregir situaciones que hagan peligrar esta salud.[\/vc_column_text][vc_column_text]<\/p>\n<blockquote><p>Por este motivo se recomienda la visita al odont\u00f3logo al menos 2 veces al a\u00f1o, pueden de esta manera realizar el correcto seguimiento de nuestra salud dental, independientemente que nos duela la boca o no, siempre decimos que vale mes prevenir que curar.<\/p><\/blockquote>\n<p>[\/vc_column_text][vc_column_text el_class=&#8221;m-b-0&#8243;]La manera m\u00e1s eficaz para prevenir las posibles enfermedades dentales es la correcta higiene dental, a continuaci\u00f3n les mostramos las diferentes t\u00e9cnicas.[\/vc_column_text][vc_empty_space][\/vc_column][\/vc_row][\/vc_section][vc_section content_layout=&#8221;full&#8221; animation_delay=&#8221;&#8221; disable=&#8221;&#8221; id=&#8221;&#8221; class=&#8221;p-t-0 p-b-0&#8243; bg_type=&#8221;image&#8221; bg_image=&#8221;147&#8243; color_overlay=&#8221;#bb0a24&#8243; enable_parallax=&#8221;true&#8221; enable_pattern=&#8221;&#8221; css=&#8221;.vc_custom_1540762029955{background-image: url(https:\/\/identalcentelles.com\/wp-content\/uploads\/2018\/10\/FOTOS_DENTISTES_PAGINAS_TOP_SERVICIOS_8.jpg?id=1278) !important;}&#8221;][vc_row content_layout=&#8221;boxed&#8221; equal_height=&#8221;&#8221; animation_delay=&#8221;&#8221; disable=&#8221;&#8221; id=&#8221;&#8221; class=&#8221;&#8221; bg_type=&#8221;image&#8221; bg_image=&#8221;&#8221; color_overlay=&#8221;&#8221; enable_parallax=&#8221;&#8221; enable_pattern=&#8221;&#8221;][vc_column layout=&#8221;normal&#8221; vertical_align=&#8221;top&#8221; animation_delay=&#8221;&#8221;]\t\t<div class=\"vu_call-to-action\">\n\t\t\t<div class=\"container\">\n\t\t\t\t<div class=\"row\">\n\t\t\t\t\t<div class=\"vu_cta-wrapper\">\n\t\t\t\t\t\t<div class=\"vu_cta-content col-md-9\">\n\t\t\t\t\t\t\t<h3 class=\"m-t-0 m-b-0\" style=\"font-size: 20px; line-height: 28px;\"><span style=\"color: #ffffff;\">Revisi\u00f3n y 1\u00aa Visita Gratuita<\/span><\/h3>\n\t\t\t\t\t\t<\/div>\n\t\t\t\t\t\t\t\t\t\t\t\t\t<div class=\"vu_cta-button col-md-3\">\n\t\t\t\t\t\t\t\t<a href=\"http:\/\/www.folguerolesdental.com\/index.php\/cita-online\/?lang=es\" title=\"\" target=\"_blank\" class=\"btn btn-inverse btn-black btn-icon btn-white-hover\"><span>Pedir hora<\/span><i class=\"vu_fi vu_fi-arrow-right\"><\/i><\/a>\n\t\t\t\t\t\t\t<\/div>\n\t\t\t\t\t\t\t\t\t\t\t<\/div>\n\t\t\t\t<\/div>\n\t\t\t<\/div>\n\t\t<\/div>\n\t[\/vc_column][\/vc_row][\/vc_section]<\/p>\n<\/div>","protected":false},"excerpt":{"rendered":"<p>[vc_section content_layout=&#8221;full&#8221; animation_delay=&#8221;&#8221; disable=&#8221;&#8221; id=&#8221;&#8221; class=&#8221;&#8221; bg_type=&#8221;image&#8221; bg_image=&#8221;&#8221; color_overlay=&#8221;&#8221; enable_parallax=&#8221;&#8221; enable_pattern=&#8221;&#8221;][vc_row content_layout=&#8221;boxed&#8221; equal_height=&#8221;&#8221; animation_delay=&#8221;&#8221; disable=&#8221;&#8221; id=&#8221;&#8221; class=&#8221;vu_service-image&#8221; bg_type=&#8221;image&#8221; bg_image=&#8221;&#8221; color_overlay=&#8221;&#8221; enable_parallax=&#8221;&#8221; enable_pattern=&#8221;&#8221;][vc_column layout=&#8221;normal&#8221; vertical_align=&#8221;top&#8221; animation_delay=&#8221;&#8221;][vc_single_image image=&#8221;1470&#8243; img_size=&#8221;dentalpress_ratio-2:1&#8243;][\/vc_column][\/vc_row][vc_row content_layout=&#8221;boxed&#8221; equal_height=&#8221;&#8221; animation_delay=&#8221;&#8221; disable=&#8221;&#8221; id=&#8221;&#8221; class=&#8221;&#8221; bg_type=&#8221;image&#8221; bg_image=&#8221;&#8221; color_overlay=&#8221;&#8221; enable_parallax=&#8221;&#8221; enable_pattern=&#8221;&#8221;][vc_column layout=&#8221;normal&#8221; vertical_align=&#8221;top&#8221; animation_delay=&#8221;&#8221;][vc_column_text]La odontolog\u00eda conservadora es la manera de reparar un diente da\u00f1ado siempre que la pulpa [&hellip;]<\/p>\n","protected":false},"author":1,"featured_media":0,"parent":1767,"menu_order":1,"comment_status":"closed","ping_status":"closed","template":"","meta":{"footnotes":""},"_links":{"self":[{"href":"https:\/\/identalcentelles.com\/index.php\/wp-json\/wp\/v2\/pages\/1780"}],"collection":[{"href":"https:\/\/identalcentelles.com\/index.php\/wp-json\/wp\/v2\/pages"}],"about":[{"href":"https:\/\/identalcentelles.com\/index.php\/wp-json\/wp\/v2\/types\/page"}],"author":[{"embeddable":true,"href":"https:\/\/identalcentelles.com\/index.php\/wp-json\/wp\/v2\/users\/1"}],"replies":[{"embeddable":true,"href":"https:\/\/identalcentelles.com\/index.php\/wp-json\/wp\/v2\/comments?post=1780"}],"version-history":[{"count":5,"href":"https:\/\/identalcentelles.com\/index.php\/wp-json\/wp\/v2\/pages\/1780\/revisions"}],"predecessor-version":[{"id":1897,"href":"https:\/\/identalcentelles.com\/index.php\/wp-json\/wp\/v2\/pages\/1780\/revisions\/1897"}],"up":[{"embeddable":true,"href":"https:\/\/identalcentelles.com\/index.php\/wp-json\/wp\/v2\/pages\/1767"}],"wp:attachment":[{"href":"https:\/\/identalcentelles.com\/index.php\/wp-json\/wp\/v2\/media?parent=1780"}],"curies":[{"name":"wp","href":"https:\/\/api.w.org\/{rel}","templated":true}]}}