{"id":1782,"date":"2019-06-12T15:56:54","date_gmt":"2019-06-12T15:56:54","guid":{"rendered":"https:\/\/identalcentelles.com\/?page_id=1782"},"modified":"2019-06-19T14:01:51","modified_gmt":"2019-06-19T14:01:51","slug":"periodoncia","status":"publish","type":"page","link":"https:\/\/identalcentelles.com\/index.php\/tratamientos-y-servicios\/periodoncia\/?lang=es","title":{"rendered":"PERIODONCIA"},"content":{"rendered":"<div class=\"wpb-content-wrapper\"><p>[vc_section content_layout=&#8221;full&#8221; animation_delay=&#8221;&#8221; disable=&#8221;&#8221; id=&#8221;&#8221; class=&#8221;&#8221; bg_type=&#8221;image&#8221; bg_image=&#8221;&#8221; color_overlay=&#8221;&#8221; enable_parallax=&#8221;&#8221; enable_pattern=&#8221;&#8221;][vc_row content_layout=&#8221;boxed&#8221; equal_height=&#8221;&#8221; animation_delay=&#8221;&#8221; disable=&#8221;&#8221; id=&#8221;&#8221; class=&#8221;vu_service-image&#8221; bg_type=&#8221;image&#8221; bg_image=&#8221;&#8221; color_overlay=&#8221;&#8221; enable_parallax=&#8221;&#8221; enable_pattern=&#8221;&#8221;][vc_column layout=&#8221;normal&#8221; vertical_align=&#8221;top&#8221; animation_delay=&#8221;&#8221;][vc_single_image image=&#8221;1474&#8243; img_size=&#8221;dentalpress_ratio-2:1&#8243;][\/vc_column][\/vc_row][vc_row content_layout=&#8221;boxed&#8221; equal_height=&#8221;&#8221; animation_delay=&#8221;&#8221; disable=&#8221;&#8221; id=&#8221;&#8221; class=&#8221;&#8221; bg_type=&#8221;image&#8221; bg_image=&#8221;&#8221; color_overlay=&#8221;&#8221; enable_parallax=&#8221;&#8221; enable_pattern=&#8221;&#8221;][vc_column layout=&#8221;normal&#8221; vertical_align=&#8221;top&#8221; animation_delay=&#8221;&#8221;]\t\t<header class=\"vu_heading vu_h-style-1 vu_h-alignment-left vu_custom_9280233\">\n\t\t\t\t\t\t\t<style scoped>\n\t\t\t\t\t\n\t\t\t\t\t\n\t\t\t\t\t\t\t\t\t\t\t.vu_heading.vu_custom_9280233.vu_h-alignment-left.vu_h-style-1 {border-left-color: #bb0a24 }\n\t\t\t\t\t\t.vu_heading.vu_custom_9280233.vu_h-alignment-right.vu_h-style-1 {border-right-color: #bb0a24 }\n\t\t\t\t\t\t.vu_heading.vu_custom_9280233.vu_h-style-2 .vu_h-heading:after,.vu_heading.vu_custom_9280233.vu_h-style-3 .vu_h-heading:after,.vu_heading.vu_custom_9280233.vu_h-style-4 .vu_h-heading:before,.vu_heading.vu_custom_9280233.vu_h-style-4 .vu_h-heading:after { background-color: #bb0a24 }\n\t\t\t\t\t\t\t\t\t<\/style>\n\t\t\t\n\t\t\t\n\t\t\t\t\t\t\t<div class=\"vu_h-subheading\">\n\t\t\t\t\t<p>PERIODONCIA<\/p>\n\t\t\t\t<\/div>\n\t\t\t\t\t<\/header>\n\t[\/vc_column][\/vc_row][vc_row content_layout=&#8221;boxed&#8221; equal_height=&#8221;&#8221; animation_delay=&#8221;&#8221; disable=&#8221;&#8221; id=&#8221;&#8221; class=&#8221;&#8221; bg_type=&#8221;image&#8221; bg_image=&#8221;&#8221; color_overlay=&#8221;&#8221; enable_parallax=&#8221;&#8221; enable_pattern=&#8221;&#8221;][vc_column layout=&#8221;normal&#8221; vertical_align=&#8221;top&#8221; animation_delay=&#8221;&#8221;][vc_column_text]La periodoncia es la especialidad de la odontolog\u00eda que se encarga del diagn\u00f3stico, prevenci\u00f3n y tratamiento de las afecciones de los tejidos de soporte de los dientes, gingivitis, periodontitis (piorrea) e injertos gingivales.[\/vc_column_text][\/vc_column][\/vc_row][vc_row content_layout=&#8221;boxed&#8221; equal_height=&#8221;&#8221; animation_delay=&#8221;&#8221; disable=&#8221;&#8221; id=&#8221;&#8221; class=&#8221;&#8221; bg_type=&#8221;image&#8221; bg_image=&#8221;&#8221; color_overlay=&#8221;&#8221; enable_parallax=&#8221;&#8221; enable_pattern=&#8221;&#8221;][vc_column layout=&#8221;normal&#8221; vertical_align=&#8221;top&#8221; animation_delay=&#8221;&#8221;][vc_column_text]La periodontitis (antiguamente llamada Piorrea), es una infecci\u00f3n bacteriana producida por las bacterias existentes en la placa bacteriana y el sarro, estas bacterias producen la reabsorci\u00f3n de los tejidos de sost\u00e9n del diente (hueso, ligamento y enc\u00eda). Al perder sujeci\u00f3n, los dientes se mueven y finalmente caen o requieren ser extra\u00eddos.[\/vc_column_text][\/vc_column][\/vc_row][\/vc_section][vc_section content_layout=&#8221;full&#8221; animation_delay=&#8221;&#8221; disable=&#8221;&#8221; id=&#8221;&#8221; class=&#8221;p-t-0 p-b-0&#8243; bg_type=&#8221;image&#8221; bg_image=&#8221;147&#8243; color_overlay=&#8221;#bb0a24&#8243; enable_parallax=&#8221;true&#8221; enable_pattern=&#8221;&#8221; css=&#8221;.vc_custom_1540762029955{background-image: url(https:\/\/identalcentelles.com\/wp-content\/uploads\/2018\/10\/FOTOS_DENTISTES_PAGINAS_TOP_SERVICIOS_8.jpg?id=1278) !important;}&#8221;][vc_row content_layout=&#8221;boxed&#8221; equal_height=&#8221;&#8221; animation_delay=&#8221;&#8221; disable=&#8221;&#8221; id=&#8221;&#8221; class=&#8221;&#8221; bg_type=&#8221;image&#8221; bg_image=&#8221;&#8221; color_overlay=&#8221;&#8221; enable_parallax=&#8221;&#8221; enable_pattern=&#8221;&#8221;][vc_column layout=&#8221;normal&#8221; vertical_align=&#8221;top&#8221; animation_delay=&#8221;&#8221;]\t\t<div class=\"vu_call-to-action\">\n\t\t\t<div class=\"container\">\n\t\t\t\t<div class=\"row\">\n\t\t\t\t\t<div class=\"vu_cta-wrapper\">\n\t\t\t\t\t\t<div class=\"vu_cta-content col-md-9\">\n\t\t\t\t\t\t\t<h3 class=\"m-t-0 m-b-0\" style=\"font-size: 20px; line-height: 28px;\"><span style=\"color: #ffffff;\">Revisi\u00f3n y 1\u00aa Visita Gratuita<\/span><\/h3>\n\t\t\t\t\t\t<\/div>\n\t\t\t\t\t\t\t\t\t\t\t\t\t<div class=\"vu_cta-button col-md-3\">\n\t\t\t\t\t\t\t\t<a href=\"http:\/\/www.folguerolesdental.com\/index.php\/cita-online\/?lang=es\" title=\"\" target=\"_blank\" class=\"btn btn-inverse btn-black btn-icon btn-white-hover\"><span>Pedir hora<\/span><i class=\"vu_fi vu_fi-arrow-right\"><\/i><\/a>\n\t\t\t\t\t\t\t<\/div>\n\t\t\t\t\t\t\t\t\t\t\t<\/div>\n\t\t\t\t<\/div>\n\t\t\t<\/div>\n\t\t<\/div>\n\t[\/vc_column][\/vc_row][\/vc_section]<\/p>\n<\/div>","protected":false},"excerpt":{"rendered":"<p>[vc_section content_layout=&#8221;full&#8221; animation_delay=&#8221;&#8221; disable=&#8221;&#8221; id=&#8221;&#8221; class=&#8221;&#8221; bg_type=&#8221;image&#8221; bg_image=&#8221;&#8221; color_overlay=&#8221;&#8221; enable_parallax=&#8221;&#8221; enable_pattern=&#8221;&#8221;][vc_row content_layout=&#8221;boxed&#8221; equal_height=&#8221;&#8221; animation_delay=&#8221;&#8221; disable=&#8221;&#8221; id=&#8221;&#8221; class=&#8221;vu_service-image&#8221; bg_type=&#8221;image&#8221; bg_image=&#8221;&#8221; color_overlay=&#8221;&#8221; enable_parallax=&#8221;&#8221; enable_pattern=&#8221;&#8221;][vc_column layout=&#8221;normal&#8221; vertical_align=&#8221;top&#8221; animation_delay=&#8221;&#8221;][vc_single_image image=&#8221;1474&#8243; img_size=&#8221;dentalpress_ratio-2:1&#8243;][\/vc_column][\/vc_row][vc_row content_layout=&#8221;boxed&#8221; equal_height=&#8221;&#8221; animation_delay=&#8221;&#8221; disable=&#8221;&#8221; id=&#8221;&#8221; class=&#8221;&#8221; bg_type=&#8221;image&#8221; bg_image=&#8221;&#8221; color_overlay=&#8221;&#8221; enable_parallax=&#8221;&#8221; enable_pattern=&#8221;&#8221;][vc_column layout=&#8221;normal&#8221; vertical_align=&#8221;top&#8221; animation_delay=&#8221;&#8221;][\/vc_column][\/vc_row][vc_row content_layout=&#8221;boxed&#8221; equal_height=&#8221;&#8221; animation_delay=&#8221;&#8221; disable=&#8221;&#8221; id=&#8221;&#8221; class=&#8221;&#8221; bg_type=&#8221;image&#8221; bg_image=&#8221;&#8221; color_overlay=&#8221;&#8221; enable_parallax=&#8221;&#8221; enable_pattern=&#8221;&#8221;][vc_column layout=&#8221;normal&#8221; vertical_align=&#8221;top&#8221; animation_delay=&#8221;&#8221;][vc_column_text]La [&hellip;]<\/p>\n","protected":false},"author":1,"featured_media":0,"parent":1767,"menu_order":4,"comment_status":"closed","ping_status":"closed","template":"","meta":{"footnotes":""},"_links":{"self":[{"href":"https:\/\/identalcentelles.com\/index.php\/wp-json\/wp\/v2\/pages\/1782"}],"collection":[{"href":"https:\/\/identalcentelles.com\/index.php\/wp-json\/wp\/v2\/pages"}],"about":[{"href":"https:\/\/identalcentelles.com\/index.php\/wp-json\/wp\/v2\/types\/page"}],"author":[{"embeddable":true,"href":"https:\/\/identalcentelles.com\/index.php\/wp-json\/wp\/v2\/users\/1"}],"replies":[{"embeddable":true,"href":"https:\/\/identalcentelles.com\/index.php\/wp-json\/wp\/v2\/comments?post=1782"}],"version-history":[{"count":4,"href":"https:\/\/identalcentelles.com\/index.php\/wp-json\/wp\/v2\/pages\/1782\/revisions"}],"predecessor-version":[{"id":1912,"href":"https:\/\/identalcentelles.com\/index.php\/wp-json\/wp\/v2\/pages\/1782\/revisions\/1912"}],"up":[{"embeddable":true,"href":"https:\/\/identalcentelles.com\/index.php\/wp-json\/wp\/v2\/pages\/1767"}],"wp:attachment":[{"href":"https:\/\/identalcentelles.com\/index.php\/wp-json\/wp\/v2\/media?parent=1782"}],"curies":[{"name":"wp","href":"https:\/\/api.w.org\/{rel}","templated":true}]}}