{"id":77,"date":"2017-08-17T15:23:46","date_gmt":"2017-08-17T15:23:46","guid":{"rendered":"https:\/\/identalcentelles.com\/?page_id=77"},"modified":"2022-08-30T13:41:08","modified_gmt":"2022-08-30T13:41:08","slug":"sobre-nosaltres","status":"publish","type":"page","link":"https:\/\/identalcentelles.com\/index.php\/sobre-nosaltres\/","title":{"rendered":"Sobre Nosaltres"},"content":{"rendered":"<div class=\"wpb-content-wrapper\"><p>[vc_section content_layout=&#8221;full&#8221; animation_delay=&#8221;&#8221; disable=&#8221;&#8221; id=&#8221;&#8221; class=&#8221;p-b-0&#8243; bg_type=&#8221;image&#8221; bg_image=&#8221;&#8221; color_overlay=&#8221;&#8221; enable_parallax=&#8221;&#8221; enable_pattern=&#8221;&#8221;][vc_row content_layout=&#8221;boxed&#8221; equal_height=&#8221;&#8221; animation_delay=&#8221;&#8221; disable=&#8221;&#8221; id=&#8221;&#8221; class=&#8221;&#8221; bg_type=&#8221;image&#8221; bg_image=&#8221;&#8221; color_overlay=&#8221;&#8221; enable_parallax=&#8221;&#8221; enable_pattern=&#8221;&#8221;][vc_column layout=&#8221;normal&#8221; vertical_align=&#8221;top&#8221; animation_delay=&#8221;&#8221;]\t\t<header class=\"vu_heading vu_h-style-1 vu_h-alignment-left vu_custom_2136532\">\n\t\t\t\t\t\t\t<style scoped>\n\t\t\t\t\t\t\t\t\t\t\t.vu_heading.vu_custom_2136532 .vu_h-heading { color: #2eb0cf}\n\t\t\t\t\t\n\t\t\t\t\t\n\t\t\t\t\t\t\t\t\t<\/style>\n\t\t\t\n\t\t\t\t\t\t\t<h2 class=\"vu_h-heading\">Sobre Nosaltres<\/h2>\n\t\t\t\n\t\t\t\t\t\t\t<div class=\"vu_h-subheading\">\n\t\t\t\t\t<p>Benvinguts a la nostra cl\u00ednica dental<\/p>\n\t\t\t\t<\/div>\n\t\t\t\t\t<\/header>\n\t[\/vc_column][\/vc_row][vc_row content_layout=&#8221;boxed&#8221; equal_height=&#8221;true&#8221; animation_delay=&#8221;&#8221; disable=&#8221;&#8221; id=&#8221;&#8221; class=&#8221;&#8221; bg_type=&#8221;image&#8221; bg_image=&#8221;&#8221; color_overlay=&#8221;&#8221; enable_parallax=&#8221;&#8221; enable_pattern=&#8221;&#8221;][vc_column layout=&#8221;normal&#8221; vertical_align=&#8221;top&#8221; animation_delay=&#8221;&#8221; width=&#8221;1\/2&#8243;][vc_column_text el_class=&#8221;m-b-30&#8243;]A Institut Dental Centelles t&#8217;oferim un grup de professionals altament qualificats i amb una<span class=\"s1\"> llarga experi\u00e8ncia en el sector per ajudar-te a millorar el teu somriure. Comptem amb l&#8217;equipament i la tecnologia m\u00e9s avan\u00e7ada per fer la millor diagnosi i tractament.<\/span>[\/vc_column_text][vc_column_text el_class=&#8221;m-b-30&#8243;]<\/p>\n<p class=\"p1\">A Institut Dental Centelles som un equip d&#8217;odont\u00f2legs professionals que dia a dia treballa per qu\u00e8 els nostres pacients obtinguin el major benestar.<\/p>\n<p>[\/vc_column_text][vc_column_text el_class=&#8221;m-b-30&#8243;]<\/p>\n<p class=\"p1\">A Institut Dental Centelles sabem la import\u00e0ncia que t\u00e9 la salut bucodental i de quina manera pot arribar a condicionar la qualitat de vida de les persones.<\/p>\n<p>[\/vc_column_text][vc_column_text el_class=&#8221;m-b-30&#8243;]<\/p>\n<p class=\"p1\">El nostre objectiu \u00e9s oferir-te els millors serveis i tractaments del mercat:<\/p>\n<ul>\n<li>Totes les especialitats en odontologia<\/li>\n<li>Especialistes amb \u00e0mplia experi\u00e8ncia<\/li>\n<li>Tractaments de m\u00e0xima qualitat<\/li>\n<\/ul>\n<p>[\/vc_column_text][\/vc_column][vc_column layout=&#8221;normal&#8221; vertical_align=&#8221;bottom&#8221; animation_delay=&#8221;&#8221; width=&#8221;1\/2&#8243;][vc_single_image image=&#8221;2172&#8243; img_size=&#8221;large&#8221; css=&#8221;.vc_custom_1661866864809{margin-top: 0px !important;}&#8221;][\/vc_column][\/vc_row][\/vc_section][vc_section content_layout=&#8221;full&#8221; animation_delay=&#8221;&#8221; disable=&#8221;&#8221; id=&#8221;&#8221; class=&#8221;p-b-0&#8243; bg_type=&#8221;image&#8221; bg_image=&#8221;&#8221; color_overlay=&#8221;&#8221; enable_parallax=&#8221;&#8221; enable_pattern=&#8221;&#8221;][vc_row content_layout=&#8221;boxed&#8221; equal_height=&#8221;true&#8221; animation_delay=&#8221;&#8221; disable=&#8221;&#8221; id=&#8221;&#8221; class=&#8221;&#8221; bg_type=&#8221;image&#8221; bg_image=&#8221;&#8221; color_overlay=&#8221;&#8221; enable_parallax=&#8221;&#8221; enable_pattern=&#8221;&#8221;][vc_column layout=&#8221;normal&#8221; vertical_align=&#8221;top&#8221; animation_delay=&#8221;&#8221;][vc_column_text el_class=&#8221;m-b-30&#8243;]<\/p>\n<h1 class=\"p1\"><span style=\"color: #2eb0cf;\"><span class=\"s1\">La clau del nostre \u00e8xit es basa en l&#8217;atenci\u00f3, la proximitat i el caliu amb els quals vetllem per cadascun dels nostres pacients, oferint sempre els millors tractaments amb la tecnologia m\u00e9s avan\u00e7ada.<\/span><\/span><\/h1>\n<p>[\/vc_column_text][\/vc_column][\/vc_row][\/vc_section][vc_section content_layout=&#8221;full&#8221; animation_delay=&#8221;&#8221; disable=&#8221;true&#8221; id=&#8221;&#8221; class=&#8221;p-b-0&#8243; bg_type=&#8221;image&#8221; bg_image=&#8221;&#8221; color_overlay=&#8221;&#8221; enable_parallax=&#8221;&#8221; enable_pattern=&#8221;&#8221;][vc_row content_layout=&#8221;boxed&#8221; equal_height=&#8221;&#8221; animation_delay=&#8221;&#8221; disable=&#8221;&#8221; id=&#8221;&#8221; class=&#8221;&#8221; bg_type=&#8221;image&#8221; bg_image=&#8221;&#8221; color_overlay=&#8221;&#8221; enable_parallax=&#8221;&#8221; enable_pattern=&#8221;&#8221;][vc_column layout=&#8221;normal&#8221; vertical_align=&#8221;top&#8221; animation_delay=&#8221;&#8221;]\t\t<header class=\"vu_heading vu_h-style-1 vu_h-alignment-left\">\n\t\t\t\n\t\t\t\n\t\t\t\t\t\t\t<div class=\"vu_h-subheading\">\n\t\t\t\t\t<p>Els nostres especialistes<\/p>\n\t\t\t\t<\/div>\n\t\t\t\t\t<\/header>\n\t[vc_column_text el_class=&#8221;m-b-30&#8243;]<\/p>\n<p class=\"p1\">Som un equip que est\u00e0 constantment formant-se perqu\u00e8 la teva salut bucal estigui en les millors mans. El nostre tracte \u00e9s personalitzat ja que abans de res som una cl\u00ednica familiar.<\/p>\n<p>[\/vc_column_text][\/vc_column][\/vc_row][\/vc_section][vc_section content_layout=&#8221;full&#8221; animation_delay=&#8221;&#8221; disable=&#8221;true&#8221; id=&#8221;&#8221; class=&#8221;p-b-0&#8243; bg_type=&#8221;image&#8221; bg_image=&#8221;&#8221; color_overlay=&#8221;&#8221; enable_parallax=&#8221;&#8221; enable_pattern=&#8221;&#8221;][vc_row content_layout=&#8221;boxed&#8221; equal_height=&#8221;&#8221; animation_delay=&#8221;&#8221; disable=&#8221;&#8221; id=&#8221;&#8221; class=&#8221;&#8221; bg_type=&#8221;image&#8221; bg_image=&#8221;&#8221; color_overlay=&#8221;&#8221; enable_parallax=&#8221;&#8221; enable_pattern=&#8221;&#8221;][vc_column layout=&#8221;normal&#8221; vertical_align=&#8221;top&#8221; animation_delay=&#8221;&#8221; width=&#8221;1\/6&#8243;]\t\t<div class=\"vu_team-member vu_tm-style-2\" itemscope=\"itemscope\" itemtype=\"https:\/\/schema.org\/Person\">\n\t\t\t<div class=\"vu_tm-container\">\n\t\t\t\t\t\t\t\t\t<div class=\"vu_tm-image\">\n\t\t\t\t\t\t<img loading=\"lazy\" decoding=\"async\" width=\"600\" height=\"600\" src=\"https:\/\/identalcentelles.com\/wp-content\/uploads\/2018\/10\/equipe_banos.jpg\" class=\"attachment-dentalpress_ratio-1:1 size-dentalpress_ratio-1:1\" alt=\"\" itemprop=\"image\" srcset=\"https:\/\/identalcentelles.com\/wp-content\/uploads\/2018\/10\/equipe_banos.jpg 600w, https:\/\/identalcentelles.com\/wp-content\/uploads\/2018\/10\/equipe_banos-150x150.jpg 150w, https:\/\/identalcentelles.com\/wp-content\/uploads\/2018\/10\/equipe_banos-300x300.jpg 300w, https:\/\/identalcentelles.com\/wp-content\/uploads\/2018\/10\/equipe_banos-100x100.jpg 100w\" sizes=\"(max-width: 600px) 100vw, 600px\" \/>\n\t\t\t\t\t\t\t\t\t\t\t<\/div>\n\t\t\t\t\n\t\t\t\t<div class=\"vu_tm-info\">\n\t\t\t\t\t<h4 class=\"vu_tm-name\">Dra. Beatriz Ba\u00f1os<\/h4>\t\t\t\t\t\n\t\t\t\t\t\t\t\t\t\t\t<span class=\"vu_tm-position\" itemprop=\"jobTitle\">COEC 1358<\/span>\n\t\t\t\t\t\t\t\t\t<\/div>\n\t\t\t<\/div>\n\t\t\t\n\t\t\t\t\t<\/div>\n\t[\/vc_column][vc_column layout=&#8221;normal&#8221; vertical_align=&#8221;top&#8221; animation_delay=&#8221;&#8221; width=&#8221;1\/6&#8243;]\t\t<div class=\"vu_team-member vu_tm-style-2\" itemscope=\"itemscope\" itemtype=\"https:\/\/schema.org\/Person\">\n\t\t\t<div class=\"vu_tm-container\">\n\t\t\t\t\t\t\t\t\t<div class=\"vu_tm-image\">\n\t\t\t\t\t\t<img loading=\"lazy\" decoding=\"async\" width=\"600\" height=\"600\" src=\"https:\/\/identalcentelles.com\/wp-content\/uploads\/2018\/10\/equipe_Paula_Hauteville.jpg\" class=\"attachment-dentalpress_ratio-1:1 size-dentalpress_ratio-1:1\" alt=\"\" itemprop=\"image\" srcset=\"https:\/\/identalcentelles.com\/wp-content\/uploads\/2018\/10\/equipe_Paula_Hauteville.jpg 600w, https:\/\/identalcentelles.com\/wp-content\/uploads\/2018\/10\/equipe_Paula_Hauteville-150x150.jpg 150w, https:\/\/identalcentelles.com\/wp-content\/uploads\/2018\/10\/equipe_Paula_Hauteville-300x300.jpg 300w, https:\/\/identalcentelles.com\/wp-content\/uploads\/2018\/10\/equipe_Paula_Hauteville-100x100.jpg 100w\" sizes=\"(max-width: 600px) 100vw, 600px\" \/>\n\t\t\t\t\t\t\t\t\t\t\t<\/div>\n\t\t\t\t\n\t\t\t\t<div class=\"vu_tm-info\">\n\t\t\t\t\t<h4 class=\"vu_tm-name\">Dra. Paula Hauteville<\/h4>\t\t\t\t\t\n\t\t\t\t\t\t\t\t\t\t\t<span class=\"vu_tm-position\" itemprop=\"jobTitle\">COEC 7818<\/span>\n\t\t\t\t\t\t\t\t\t<\/div>\n\t\t\t<\/div>\n\t\t\t\n\t\t\t\t\t<\/div>\n\t[\/vc_column][vc_column layout=&#8221;normal&#8221; vertical_align=&#8221;top&#8221; animation_delay=&#8221;&#8221; width=&#8221;1\/6&#8243;]\t\t<div class=\"vu_team-member vu_tm-style-2\" itemscope=\"itemscope\" itemtype=\"https:\/\/schema.org\/Person\">\n\t\t\t<div class=\"vu_tm-container\">\n\t\t\t\t\t\t\t\t\t<div class=\"vu_tm-image\">\n\t\t\t\t\t\t<img loading=\"lazy\" decoding=\"async\" width=\"600\" height=\"600\" src=\"https:\/\/identalcentelles.com\/wp-content\/uploads\/2018\/10\/equipe_Marta_Fernandez.jpg\" class=\"attachment-dentalpress_ratio-1:1 size-dentalpress_ratio-1:1\" alt=\"\" itemprop=\"image\" srcset=\"https:\/\/identalcentelles.com\/wp-content\/uploads\/2018\/10\/equipe_Marta_Fernandez.jpg 600w, https:\/\/identalcentelles.com\/wp-content\/uploads\/2018\/10\/equipe_Marta_Fernandez-150x150.jpg 150w, https:\/\/identalcentelles.com\/wp-content\/uploads\/2018\/10\/equipe_Marta_Fernandez-300x300.jpg 300w, https:\/\/identalcentelles.com\/wp-content\/uploads\/2018\/10\/equipe_Marta_Fernandez-100x100.jpg 100w\" sizes=\"(max-width: 600px) 100vw, 600px\" \/>\n\t\t\t\t\t\t\t\t\t\t\t<\/div>\n\t\t\t\t\n\t\t\t\t<div class=\"vu_tm-info\">\n\t\t\t\t\t<h4 class=\"vu_tm-name\">Dra. Maria Sitges<\/h4>\t\t\t\t\t\n\t\t\t\t\t\t\t\t\t\t\t<span class=\"vu_tm-position\" itemprop=\"jobTitle\">COEC 7289<\/span>\n\t\t\t\t\t\t\t\t\t<\/div>\n\t\t\t<\/div>\n\t\t\t\n\t\t\t\t\t<\/div>\n\t[\/vc_column][vc_column layout=&#8221;normal&#8221; vertical_align=&#8221;top&#8221; animation_delay=&#8221;&#8221; width=&#8221;1\/6&#8243;]\t\t<div class=\"vu_team-member vu_tm-style-2\" itemscope=\"itemscope\" itemtype=\"https:\/\/schema.org\/Person\">\n\t\t\t<div class=\"vu_tm-container\">\n\t\t\t\t\t\t\t\t\t<div class=\"vu_tm-image\">\n\t\t\t\t\t\t<img loading=\"lazy\" decoding=\"async\" width=\"600\" height=\"600\" src=\"https:\/\/identalcentelles.com\/wp-content\/uploads\/2020\/12\/ALVARODR-1-600x600.jpg\" class=\"attachment-dentalpress_ratio-1:1 size-dentalpress_ratio-1:1\" alt=\"\" itemprop=\"image\" srcset=\"https:\/\/identalcentelles.com\/wp-content\/uploads\/2020\/12\/ALVARODR-1.jpg 600w, https:\/\/identalcentelles.com\/wp-content\/uploads\/2020\/12\/ALVARODR-1-300x300.jpg 300w, https:\/\/identalcentelles.com\/wp-content\/uploads\/2020\/12\/ALVARODR-1-150x150.jpg 150w\" sizes=\"(max-width: 600px) 100vw, 600px\" \/>\n\t\t\t\t\t\t\t\t\t\t\t<\/div>\n\t\t\t\t\n\t\t\t\t<div class=\"vu_tm-info\">\n\t\t\t\t\t<h4 class=\"vu_tm-name\">Dr. \u00c1lvaro de la Iglesia<\/h4>\t\t\t\t\t\n\t\t\t\t\t\t\t\t\t\t\t<span class=\"vu_tm-position\" itemprop=\"jobTitle\">COEC 7744<\/span>\n\t\t\t\t\t\t\t\t\t<\/div>\n\t\t\t<\/div>\n\t\t\t\n\t\t\t\t\t<\/div>\n\t[\/vc_column][vc_column layout=&#8221;normal&#8221; vertical_align=&#8221;top&#8221; animation_delay=&#8221;&#8221; width=&#8221;1\/6&#8243;]\t\t<div class=\"vu_team-member vu_tm-style-2\" itemscope=\"itemscope\" itemtype=\"https:\/\/schema.org\/Person\">\n\t\t\t<div class=\"vu_tm-container\">\n\t\t\t\t\t\t\t\t\t<div class=\"vu_tm-image\">\n\t\t\t\t\t\t<img loading=\"lazy\" decoding=\"async\" width=\"600\" height=\"600\" src=\"https:\/\/identalcentelles.com\/wp-content\/uploads\/2020\/12\/ANNA-AUXILIAR-600x600.jpg\" class=\"attachment-dentalpress_ratio-1:1 size-dentalpress_ratio-1:1\" alt=\"\" itemprop=\"image\" srcset=\"https:\/\/identalcentelles.com\/wp-content\/uploads\/2020\/12\/ANNA-AUXILIAR-600x600.jpg 600w, https:\/\/identalcentelles.com\/wp-content\/uploads\/2020\/12\/ANNA-AUXILIAR-150x150.jpg 150w\" sizes=\"(max-width: 600px) 100vw, 600px\" \/>\n\t\t\t\t\t\t\t\t\t\t\t<\/div>\n\t\t\t\t\n\t\t\t\t<div class=\"vu_tm-info\">\n\t\t\t\t\t<h4 class=\"vu_tm-name\">Aux. Anna<\/h4>\t\t\t\t\t\n\t\t\t\t\t\t\t\t\t<\/div>\n\t\t\t<\/div>\n\t\t\t\n\t\t\t\t\t<\/div>\n\t[\/vc_column][vc_column layout=&#8221;normal&#8221; vertical_align=&#8221;top&#8221; animation_delay=&#8221;&#8221; width=&#8221;1\/6&#8243;][\/vc_column][\/vc_row][\/vc_section][vc_section content_layout=&#8221;full&#8221; animation_delay=&#8221;&#8221; disable=&#8221;&#8221; id=&#8221;&#8221; class=&#8221;p-b-0&#8243; bg_type=&#8221;image&#8221; bg_image=&#8221;&#8221; color_overlay=&#8221;&#8221; enable_parallax=&#8221;&#8221; enable_pattern=&#8221;&#8221;][vc_row content_layout=&#8221;boxed&#8221; equal_height=&#8221;&#8221; animation_delay=&#8221;&#8221; disable=&#8221;&#8221; id=&#8221;&#8221; class=&#8221;&#8221; bg_type=&#8221;image&#8221; bg_image=&#8221;&#8221; color_overlay=&#8221;&#8221; enable_parallax=&#8221;&#8221; enable_pattern=&#8221;&#8221;][vc_column layout=&#8221;normal&#8221; vertical_align=&#8221;top&#8221; animation_delay=&#8221;&#8221; width=&#8221;1\/2&#8243;]\t\t<header class=\"vu_heading vu_h-style-1 vu_h-alignment-left m-b-20 vu_custom_6031668\">\n\t\t\t\t\t\t\t<style scoped>\n\t\t\t\t\t\t\t\t\t\t\t.vu_heading.vu_custom_6031668 .vu_h-heading { color: #2eb0cf}\n\t\t\t\t\t\n\t\t\t\t\t\n\t\t\t\t\t\t\t\t\t<\/style>\n\t\t\t\n\t\t\t\t\t\t\t<h2 class=\"vu_h-heading\">Ens importa<\/h2>\n\t\t\t\n\t\t\t\t\t\t\t<div class=\"vu_h-subheading\">\n\t\t\t\t\t<p>El bon tracte al pacient, la qualitat dels materials i la professionalitat s\u00f3n les nostres prioritats.<\/p>\n\t\t\t\t<\/div>\n\t\t\t\t\t<\/header>\n\t[vc_column_text el_class=&#8221;m-b-20&#8243;]<\/p>\n<p class=\"p1\">T\u2019oferim bones condicions econ\u00f2miques i el finan\u00e7ament per al teu tractament.<\/p>\n<p>[\/vc_column_text][vc_column_text el_class=&#8221;m-b-20&#8243;]<\/p>\n<p class=\"p1\">Volem facilitar el tractament, per aix\u00f2 t\u2019oferim un ampli horari d\u2019atenci\u00f3 per poder flexibilitzar amb hores convingudes segons la comoditat del pacient.<\/p>\n<p>[\/vc_column_text][\/vc_column][vc_column layout=&#8221;normal&#8221; vertical_align=&#8221;top&#8221; animation_delay=&#8221;&#8221; width=&#8221;1\/2&#8243;][vc_single_image image=&#8221;1196&#8243; img_size=&#8221;dentalpress_ratio-16:9&#8243; el_class=&#8221;m-b-30&#8243;][\/vc_column][\/vc_row][\/vc_section]<\/p>\n<\/div>","protected":false},"excerpt":{"rendered":"<p>[vc_section content_layout=&#8221;full&#8221; animation_delay=&#8221;&#8221; disable=&#8221;&#8221; id=&#8221;&#8221; class=&#8221;p-b-0&#8243; bg_type=&#8221;image&#8221; bg_image=&#8221;&#8221; color_overlay=&#8221;&#8221; enable_parallax=&#8221;&#8221; enable_pattern=&#8221;&#8221;][vc_row content_layout=&#8221;boxed&#8221; equal_height=&#8221;&#8221; animation_delay=&#8221;&#8221; disable=&#8221;&#8221; id=&#8221;&#8221; class=&#8221;&#8221; bg_type=&#8221;image&#8221; bg_image=&#8221;&#8221; color_overlay=&#8221;&#8221; enable_parallax=&#8221;&#8221; enable_pattern=&#8221;&#8221;][vc_column layout=&#8221;normal&#8221; vertical_align=&#8221;top&#8221; animation_delay=&#8221;&#8221;][\/vc_column][\/vc_row][vc_row content_layout=&#8221;boxed&#8221; equal_height=&#8221;true&#8221; animation_delay=&#8221;&#8221; disable=&#8221;&#8221; id=&#8221;&#8221; class=&#8221;&#8221; bg_type=&#8221;image&#8221; bg_image=&#8221;&#8221; color_overlay=&#8221;&#8221; enable_parallax=&#8221;&#8221; enable_pattern=&#8221;&#8221;][vc_column layout=&#8221;normal&#8221; vertical_align=&#8221;top&#8221; animation_delay=&#8221;&#8221; width=&#8221;1\/2&#8243;][vc_column_text el_class=&#8221;m-b-30&#8243;]A Institut Dental Centelles t&#8217;oferim un grup de professionals altament qualificats i amb una llarga [&hellip;]<\/p>\n","protected":false},"author":1,"featured_media":0,"parent":0,"menu_order":16,"comment_status":"closed","ping_status":"closed","template":"","meta":{"footnotes":""},"_links":{"self":[{"href":"https:\/\/identalcentelles.com\/index.php\/wp-json\/wp\/v2\/pages\/77"}],"collection":[{"href":"https:\/\/identalcentelles.com\/index.php\/wp-json\/wp\/v2\/pages"}],"about":[{"href":"https:\/\/identalcentelles.com\/index.php\/wp-json\/wp\/v2\/types\/page"}],"author":[{"embeddable":true,"href":"https:\/\/identalcentelles.com\/index.php\/wp-json\/wp\/v2\/users\/1"}],"replies":[{"embeddable":true,"href":"https:\/\/identalcentelles.com\/index.php\/wp-json\/wp\/v2\/comments?post=77"}],"version-history":[{"count":44,"href":"https:\/\/identalcentelles.com\/index.php\/wp-json\/wp\/v2\/pages\/77\/revisions"}],"predecessor-version":[{"id":2176,"href":"https:\/\/identalcentelles.com\/index.php\/wp-json\/wp\/v2\/pages\/77\/revisions\/2176"}],"wp:attachment":[{"href":"https:\/\/identalcentelles.com\/index.php\/wp-json\/wp\/v2\/media?parent=77"}],"curies":[{"name":"wp","href":"https:\/\/api.w.org\/{rel}","templated":true}]}}